{"id":124,"date":"2024-03-15T17:10:53","date_gmt":"2024-03-15T17:10:53","guid":{"rendered":"https:\/\/luciana-pranabalance.com\/?page_id=124"},"modified":"2024-04-23T21:30:03","modified_gmt":"2024-04-23T21:30:03","slug":"get-to-know-me","status":"publish","type":"page","link":"https:\/\/luciana-pranabalance.com\/fr\/get-to-know-me\/","title":{"rendered":"Apprenez \u00e0 me conna\u00eetre"},"content":{"rendered":"<h2 class=\"wp-block-heading has-text-align-left has-superbfont-large-font-size\">Luciana est professeur et \u00e9tudiante de Yoga &amp; massoth\u00e9rapeute \u00e0 Paris.<\/h2>\n\n\n\n<p><\/p>\n\n\n\n<figure class=\"wp-block-image size-large\"><img loading=\"lazy\" decoding=\"async\" width=\"1776\" height=\"999\" src=\"https:\/\/luciana-pranabalance.com\/wp-content\/uploads\/2024\/03\/IMG_9236-1-edited.jpg\" alt=\"\" class=\"wp-image-127\" srcset=\"https:\/\/luciana-pranabalance.com\/wp-content\/uploads\/2024\/03\/IMG_9236-1-edited.jpg 1776w, https:\/\/luciana-pranabalance.com\/wp-content\/uploads\/2024\/03\/IMG_9236-1-edited-300x169.jpg 300w, https:\/\/luciana-pranabalance.com\/wp-content\/uploads\/2024\/03\/IMG_9236-1-edited-1024x576.jpg 1024w, https:\/\/luciana-pranabalance.com\/wp-content\/uploads\/2024\/03\/IMG_9236-1-edited-768x432.jpg 768w, https:\/\/luciana-pranabalance.com\/wp-content\/uploads\/2024\/03\/IMG_9236-1-edited-1536x864.jpg 1536w\" sizes=\"(max-width: 1776px) 100vw, 1776px\" \/><\/figure>\n\n\n\n<p><\/p>\n\n\n\n<p>Elle enseigne : Des cours inspir\u00e9 du Hatha et du Vinyasa ; Yang et yin ; A\u00e9rien; Pr\u00e9natal; Flexibilit\u00e9 et mobilit\u00e9 ; M\u00e9ditation et pranayama ; Yoga pour enfants ;<\/p>\n\n\n\n<p>Luciana, originaire de Rio de Janeiro, est \u00e9tudiante en yoga apr\u00e8s 2014, elle a quitt\u00e9 sa vie de bureau et le monde de l'entreprise pour se consacrer \u00e0 sa passion : les services de bien-\u00eatre et de sant\u00e9 mentale holistiques.<\/p>\n\n\n\n<p>Luciana a commenc\u00e9 son parcours dans le Yoga, \u00e0 la recherche d'harmonie avec elle-m\u00eame, elle a cherch\u00e9 \u00e0 am\u00e9liorer son insomnie, son hyperactivit\u00e9, son anxi\u00e9t\u00e9 et un peu d'\u00e9quilibre mental et une vie plus l\u00e9g\u00e8re, avec moins de stress (ou du moins de sagesse pour tout contr\u00f4ler) ; et \u00e9videmment elle est tomb\u00e9e amoureuse de la pratique des asanas, cherchant \u00e0 approfondir les enseignements des fondements du yoga et de sa philosophie, depuis lors, il y a eu beaucoup de pratique et d'\u00e9tudes. Elle a d\u00e9cid\u00e9 de se former dans ce domaine, de partager le bien-\u00eatre avec les gens et de les aider \u00e0 rechercher la r\u00e9alisation de soi et la confiance en soi par la pratique, en apportant libert\u00e9 de mouvement et transitions cr\u00e9atives dans ses cours.<\/p>\n\n\n\n<p> Her passion for well-being came from just one desire, to her profession, deciding to take her first training in 2020,&nbsp; She\u2019s got certified in Hatha &amp; Kundalini Yoga, from the Samadhi Yoga Ashram school in Rishikesh; Pre &amp; Post Christmas at Centro Sivananda; Trapeze and aerial Yoga at Chita Studio, and her last training is Ashtanga Vinyasa Yoga at the Vydia Yoga Mandiram school; Luciana also has some certifications in different massage techniques, training carried out in Brazil, USA, Canada and France.<\/p>\n\n\n\n<p>Ses cours sont cr\u00e9\u00e9s dans le but de travailler \u00e0 lib\u00e9rer certaines difficult\u00e9s, \u00e9motions et \u00e9nergies qui sont souvent bloqu\u00e9es par notre esprit rus\u00e9, afin que nous puissions d\u00e9velopper la compr\u00e9hension et l'appr\u00e9ciation de la magie inn\u00e9e de notre corps.<\/p>\n\n\n\n<p>Les cours avec libert\u00e9 de mouvement combin\u00e9e \u00e0 la respiration et \u00e0 la conscience de soi incarn\u00e9e invitent les gens \u00e0 atteindre leur plein potentiel. Elle est passionn\u00e9e par l'exploration du mouvement moderne, de la mobilit\u00e9, combin\u00e9e \u00e0 la pr\u00e9sence, \u00e0 la respiration et \u00e0 la connexion \u00e0 tout notre \u00eatre. Cela enrichit notre pratique du yoga et notre conscience du mouvement, sur et en dehors du tapis.<\/p>\n\n\n\n<p>\u00c0 quoi s'attendre dans ces cours : Mobilit\u00e9, stabilit\u00e9, renforcement, flexibilit\u00e9, asanas de yoga modernes et traditionnel combin\u00e9es \u00e0 des mouvements somatiques et \u00e0 la respiration;<\/p>\n\n\n\n<p>Classes with Luciana are full of Indian influences and traditions, as she was inspired by her trips to India.\u00a0 Chants and mantras are part of her rituals to infuse you with good energies and to help you anchor your mind.<\/p>\n\n\n\n<p>\u201cLe yoga, c'est tellement de choses et aussi un voyage en soi ; elle permet de mieux se conna\u00eetre, de se renforcer, d'am\u00e9liorer sa conscience de ce qui se passe en soi et \u00e0 l'ext\u00e9rieur de soi, d'\u00eatre pr\u00e9sent, de bien vivre collectivement, de se respecter et de respecter les autres\".<\/p>\n\n\n\n<p>Formation en massage : Br\u00e9sil, EUA, Canada, France ; Formation drainage lymphatique\/remodelage\/anti-cellulite : Martine de Richeville 2020, L'atelier du palper rouler 2021, Thalita Shaping beauty 2021;<\/p>\n\n\n\n<p>Apr\u00e8s avoir  travaill\u00e9 avec diff\u00e9rentes m\u00e9thodes, Luciana a d\u00e9velopp\u00e9 sa propre m\u00e9thode pour am\u00e9liorer le ballonnement, la cellulite, la circulation et la rente d'eau.<\/p>\n\n\n\n<p>Hari Aum<\/p>\n\n\n\n<p><\/p>\n\n\n\n<p><\/p>","protected":false},"excerpt":{"rendered":"<p>Luciana is a Yoga teacher and student &amp; massage therapist in Paris. She teaches: Hatha &amp; Vinyasa inspired; Yang &amp; yin; Aerial; Pre natal; Flex &amp; Mobility; Meditation &amp; Pranayama; Kids Yoga; Luciana, who is originally from Rio de Janeiro, is a Yoga student after 2014, she left her office life, corporate world to be [&hellip;]<\/p>","protected":false},"author":1,"featured_media":0,"parent":0,"menu_order":0,"comment_status":"closed","ping_status":"closed","template":"","meta":{"footnotes":""},"_links":{"self":[{"href":"https:\/\/luciana-pranabalance.com\/fr\/wp-json\/wp\/v2\/pages\/124"}],"collection":[{"href":"https:\/\/luciana-pranabalance.com\/fr\/wp-json\/wp\/v2\/pages"}],"about":[{"href":"https:\/\/luciana-pranabalance.com\/fr\/wp-json\/wp\/v2\/types\/page"}],"author":[{"embeddable":true,"href":"https:\/\/luciana-pranabalance.com\/fr\/wp-json\/wp\/v2\/users\/1"}],"replies":[{"embeddable":true,"href":"https:\/\/luciana-pranabalance.com\/fr\/wp-json\/wp\/v2\/comments?post=124"}],"version-history":[{"count":8,"href":"https:\/\/luciana-pranabalance.com\/fr\/wp-json\/wp\/v2\/pages\/124\/revisions"}],"predecessor-version":[{"id":472,"href":"https:\/\/luciana-pranabalance.com\/fr\/wp-json\/wp\/v2\/pages\/124\/revisions\/472"}],"wp:attachment":[{"href":"https:\/\/luciana-pranabalance.com\/fr\/wp-json\/wp\/v2\/media?parent=124"}],"curies":[{"name":"wp","href":"https:\/\/api.w.org\/{rel}","templated":true}]}}