{"id":129,"date":"2024-03-15T17:16:50","date_gmt":"2024-03-15T17:16:50","guid":{"rendered":"https:\/\/luciana-pranabalance.com\/?page_id=129"},"modified":"2024-04-08T09:38:01","modified_gmt":"2024-04-08T09:38:01","slug":"massage-services","status":"publish","type":"page","link":"https:\/\/luciana-pranabalance.com\/fr\/massage-services\/","title":{"rendered":"Massage th\u00e9rapeutique"},"content":{"rendered":"<h2 class=\"wp-block-heading has-text-align-left has-superbfont-large-font-size\">Faites l'exp\u00e9rience d'une gu\u00e9rison en profondeur Touch : Revitalisez votre corps et votre esprit<\/h2>\n\n\n\n<p>\"Mes massoth\u00e9rapies sont adapt\u00e9es \u00e0 vos besoins uniques, favorisant la relaxation, le soulagement de la douleur et une mobilit\u00e9 am\u00e9lior\u00e9e.\"<\/p>\n\n\n\n<p><\/p>\n\n\n\n<p><\/p>\n\n\n\n<figure class=\"wp-block-image alignwide size-large\"><img loading=\"lazy\" decoding=\"async\" width=\"1440\" height=\"810\" src=\"https:\/\/luciana-pranabalance.com\/wp-content\/uploads\/2024\/03\/IMG_9244-1-edited-1.jpg\" alt=\"\" class=\"wp-image-166\" srcset=\"https:\/\/luciana-pranabalance.com\/wp-content\/uploads\/2024\/03\/IMG_9244-1-edited-1.jpg 1440w, https:\/\/luciana-pranabalance.com\/wp-content\/uploads\/2024\/03\/IMG_9244-1-edited-1-300x169.jpg 300w, https:\/\/luciana-pranabalance.com\/wp-content\/uploads\/2024\/03\/IMG_9244-1-edited-1-1024x576.jpg 1024w, https:\/\/luciana-pranabalance.com\/wp-content\/uploads\/2024\/03\/IMG_9244-1-edited-1-768x432.jpg 768w\" sizes=\"(max-width: 1440px) 100vw, 1440px\" \/><\/figure>\n\n\n\n<p><\/p>\n\n\n\n<p class=\"has-text-align-center has-very-light-gray-background-color has-background\"><strong>Massage Th\u00e9rapeutique<\/strong><\/p>\n\n\n\n<p>travail approfondi pour traiter des probl\u00e8mes musculaires sp\u00e9cifiques, favoriser la gu\u00e9rison et am\u00e9liorer l'amplitude des mouvements, pour une relaxation profonde;<\/p>\n\n\n\n<p class=\"has-text-align-center has-very-light-gray-background-color has-background\"><strong>R\u00e9flexologie<\/strong><\/p>\n\n\n\n<p>Application de pressions sur des points r\u00e9flexes sp\u00e9cifiques des pieds pour stimuler l'\u00e9quilibre et le bien-\u00eatre des zones correspondantes du corps.<\/p>\n\n\n\n<p class=\"has-text-align-center has-very-light-gray-background-color has-background\"><strong>Tissus profonds avec \u00e9tirements<\/strong><\/p>\n\n\n\n<p> Travail cibl\u00e9 sur les couches musculaires plus profondes combin\u00e9 \u00e0 des \u00e9tirements doux (approche Thai Yoga) pour rel\u00e2cher les tensions chroniques et am\u00e9liorer la mobilit\u00e9.<\/p>\n\n\n\n<p class=\"has-text-align-center has-very-light-gray-background-color has-background\"><strong>Lib\u00e9ration Myofasciale<\/strong><\/p>\n\n\n\n<p> Techniques sp\u00e9cialis\u00e9es pour lib\u00e9rer les restrictions du fascia (tissu conjonctif), r\u00e9duisant ainsi la douleur et am\u00e9liorant la posture.<\/p>\n\n\n\n<p class=\"has-text-align-center has-very-light-gray-background-color has-background\"><strong>Massage de la t\u00eate<\/strong><\/p>\n\n\n\n<p> Ax\u00e9 sur le cuir chevelu, le visage et le cou, ce massage profond\u00e9ment relaxant soulage les tensions, les maux de t\u00eate et favorise le soulagement du stress.<\/p>\n\n\n\n<p class=\"has-text-align-center has-very-light-gray-background-color has-background\"><strong>Massage Su\u00e9dois<\/strong><\/p>\n\n\n\n<p> Un massage de relaxation classique utilisant des mouvements fluides pour am\u00e9liorer la circulation, r\u00e9duire la tension musculaire et favoriser le bien-\u00eatre g\u00e9n\u00e9ral.<\/p>\n\n\n\n<p class=\"has-text-align-center has-very-light-gray-background-color has-background\"><strong>Massage pr\u00e9 et post natal<\/strong><\/p>\n\n\n\n<p> Techniques sp\u00e9ciales adapt\u00e9es aux besoins uniques pendant et apr\u00e8s la grossesse, favorisant la relaxation et soulageant l'inconfort.<\/p>\n\n\n\n<p class=\"has-text-align-center has-very-light-gray-background-color has-background\"><strong>Drainage Lymphatique + Anti cellulite (technique sp\u00e9ciale de Luciana !)<\/strong><\/p>\n\n\n\n<p> Massage rythm\u00e9 et enveloppant doux et profond stimulant le flux lymphatique pour r\u00e9duire les gonflements, am\u00e9liorer la circulation, renforcer l'immunit\u00e9 et favoriser la d\u00e9toxification ; Il vise \u00e9galement \u00e0 am\u00e9liorer l'aspect de la peau d'orange afin de r\u00e9duire la cellulite;<\/p>\n\n\n\n<p class=\"has-text-align-center has-very-light-gray-background-color has-background\"><strong>Th\u00e9rapie par ventouses<\/strong><\/p>\n\n\n\n<p> Utilisation de ventouses pour soulever les tissus, am\u00e9liorer la circulation, soulager les tensions musculaires et favoriser la d\u00e9toxification.<\/p>\n\n\n\n<p>+ option: <strong>Massage Th\u00e9rapeutique aux Huiles Essentielles<\/strong><\/p>\n\n\n\n<p class=\"has-text-align-center has-very-light-gray-background-color has-background\"><strong>Lifting du visage \/ Massage Drainage Lymp<\/strong><\/p>\n\n\n\n<p>Le massage du visage consiste \u00e0 appliquer des pressions douces et des techniques sp\u00e9cifiques sur le visage et le cou. <\/p>\n\n\n\n<p>Il peut offrir plusieurs avantages :<\/p>\n\n\n\n<p><em>Am\u00e9lioration de la circulation:<\/em> Cela peut aider \u00e0 apporter des nutriments \u00e0 la peau et \u00e0 favoriser un teint sain et \u00e9clatant.<\/p>\n\n\n\n<p><em>R\u00e9duction des poches:<\/em> es techniques de massage par drainage lymphatique peuvent aider \u00e0 r\u00e9duire l'accumulation de liquide et \u00e0 favoriser une apparence plus sculpt\u00e9e.<\/p>\n\n\n\n<p><em>Relaxation des muscles du visage:<\/em> Cela peut aider \u00e0 r\u00e9duire l\u2019apparence des rides et ridules caus\u00e9es par la tension du visage.<\/p>\n\n\n\n<p><\/p>\n\n\n\n<p><strong>A partir de 70 euros<\/strong> (Elon le type de massage et la dur\u00e9e)<\/p>\n\n\n\n<p><strong>R\u00e9duction de prix avec le paquet de 5 s\u00e9ances;<\/strong><\/p>\n\n\n\n<p><\/p>\n\n\n\n<div class=\"wp-block-buttons is-layout-flex wp-block-buttons-is-layout-flex\">\n<div class=\"wp-block-button has-custom-font-size is-style-fill has-superbfont-small-font-size\"><a class=\"wp-block-button__link wp-element-button\" href=\"https:\/\/luciana-pranabalance.com\/fr\/get-in-touch\/\" style=\"padding-top:var(--wp--preset--spacing--superbspacing-xsmall);padding-right:var(--wp--preset--spacing--superbspacing-xsmall);padding-bottom:var(--wp--preset--spacing--superbspacing-xsmall);padding-left:var(--wp--preset--spacing--superbspacing-xsmall)\">R\u00e9server un massage<\/a><\/div>\n<\/div>\n\n\n\n<p>Envoyer moi un message ou email pour plus d\u2019informations.<\/p>\n\n\n\n<figure class=\"wp-block-image size-large\"><img loading=\"lazy\" decoding=\"async\" width=\"2164\" height=\"1218\" src=\"https:\/\/luciana-pranabalance.com\/wp-content\/uploads\/2024\/03\/IMG_9245-1-edited.jpg\" alt=\"\" class=\"wp-image-150\" srcset=\"https:\/\/luciana-pranabalance.com\/wp-content\/uploads\/2024\/03\/IMG_9245-1-edited.jpg 2164w, https:\/\/luciana-pranabalance.com\/wp-content\/uploads\/2024\/03\/IMG_9245-1-edited-300x169.jpg 300w, https:\/\/luciana-pranabalance.com\/wp-content\/uploads\/2024\/03\/IMG_9245-1-edited-1024x576.jpg 1024w, https:\/\/luciana-pranabalance.com\/wp-content\/uploads\/2024\/03\/IMG_9245-1-edited-768x432.jpg 768w, https:\/\/luciana-pranabalance.com\/wp-content\/uploads\/2024\/03\/IMG_9245-1-edited-1536x865.jpg 1536w, https:\/\/luciana-pranabalance.com\/wp-content\/uploads\/2024\/03\/IMG_9245-1-edited-2048x1153.jpg 2048w\" sizes=\"(max-width: 2164px) 100vw, 2164px\" \/><\/figure>\n\n\n\n<figure class=\"wp-block-image size-large\"><img loading=\"lazy\" decoding=\"async\" width=\"1440\" height=\"810\" src=\"https:\/\/luciana-pranabalance.com\/wp-content\/uploads\/2024\/03\/IMG_9241-4-edited.jpg\" alt=\"\" class=\"wp-image-154\" srcset=\"https:\/\/luciana-pranabalance.com\/wp-content\/uploads\/2024\/03\/IMG_9241-4-edited.jpg 1440w, https:\/\/luciana-pranabalance.com\/wp-content\/uploads\/2024\/03\/IMG_9241-4-edited-300x169.jpg 300w, https:\/\/luciana-pranabalance.com\/wp-content\/uploads\/2024\/03\/IMG_9241-4-edited-1024x576.jpg 1024w, https:\/\/luciana-pranabalance.com\/wp-content\/uploads\/2024\/03\/IMG_9241-4-edited-768x432.jpg 768w\" sizes=\"(max-width: 1440px) 100vw, 1440px\" \/><\/figure>\n\n\n\n<figure class=\"wp-block-image size-large\"><img loading=\"lazy\" decoding=\"async\" width=\"1440\" height=\"810\" src=\"https:\/\/luciana-pranabalance.com\/wp-content\/uploads\/2024\/03\/IMG_9257-1-edited.jpg\" alt=\"\" class=\"wp-image-156\" srcset=\"https:\/\/luciana-pranabalance.com\/wp-content\/uploads\/2024\/03\/IMG_9257-1-edited.jpg 1440w, https:\/\/luciana-pranabalance.com\/wp-content\/uploads\/2024\/03\/IMG_9257-1-edited-300x169.jpg 300w, https:\/\/luciana-pranabalance.com\/wp-content\/uploads\/2024\/03\/IMG_9257-1-edited-1024x576.jpg 1024w, https:\/\/luciana-pranabalance.com\/wp-content\/uploads\/2024\/03\/IMG_9257-1-edited-768x432.jpg 768w\" sizes=\"(max-width: 1440px) 100vw, 1440px\" \/><\/figure>\n\n\n\n<figure class=\"wp-block-image alignwide size-large has-custom-border is-style-default\"><img loading=\"lazy\" decoding=\"async\" width=\"1024\" height=\"576\" src=\"https:\/\/luciana-pranabalance.com\/wp-content\/uploads\/2024\/03\/IMG_9277-2-1024x576.jpg\" alt=\"\" class=\"wp-image-160\" style=\"border-style:none;border-width:0px;border-radius:0px\" srcset=\"https:\/\/luciana-pranabalance.com\/wp-content\/uploads\/2024\/03\/IMG_9277-2-1024x576.jpg 1024w, https:\/\/luciana-pranabalance.com\/wp-content\/uploads\/2024\/03\/IMG_9277-2-300x169.jpg 300w, https:\/\/luciana-pranabalance.com\/wp-content\/uploads\/2024\/03\/IMG_9277-2-768x432.jpg 768w, https:\/\/luciana-pranabalance.com\/wp-content\/uploads\/2024\/03\/IMG_9277-2.jpg 1080w\" sizes=\"(max-width: 1024px) 100vw, 1024px\" \/><\/figure>","protected":false},"excerpt":{"rendered":"<p>Experience deep healing Touch: Revitalize Your Body and Mind &#8220;My massage therapies are tailored to your unique needs, promoting relaxation, pain relief, and improved mobility.&#8221; Therapeutic Massage Deeply focused work to address specific muscular issues, promote healing, and improve range of motion, for deep relaxation; Reflexology Applying pressure to specific reflex points on the feet [&hellip;]<\/p>","protected":false},"author":1,"featured_media":0,"parent":0,"menu_order":0,"comment_status":"closed","ping_status":"closed","template":"","meta":{"footnotes":""},"_links":{"self":[{"href":"https:\/\/luciana-pranabalance.com\/fr\/wp-json\/wp\/v2\/pages\/129"}],"collection":[{"href":"https:\/\/luciana-pranabalance.com\/fr\/wp-json\/wp\/v2\/pages"}],"about":[{"href":"https:\/\/luciana-pranabalance.com\/fr\/wp-json\/wp\/v2\/types\/page"}],"author":[{"embeddable":true,"href":"https:\/\/luciana-pranabalance.com\/fr\/wp-json\/wp\/v2\/users\/1"}],"replies":[{"embeddable":true,"href":"https:\/\/luciana-pranabalance.com\/fr\/wp-json\/wp\/v2\/comments?post=129"}],"version-history":[{"count":13,"href":"https:\/\/luciana-pranabalance.com\/fr\/wp-json\/wp\/v2\/pages\/129\/revisions"}],"predecessor-version":[{"id":458,"href":"https:\/\/luciana-pranabalance.com\/fr\/wp-json\/wp\/v2\/pages\/129\/revisions\/458"}],"wp:attachment":[{"href":"https:\/\/luciana-pranabalance.com\/fr\/wp-json\/wp\/v2\/media?parent=129"}],"curies":[{"name":"wp","href":"https:\/\/api.w.org\/{rel}","templated":true}]}}