{"id":199,"date":"2024-03-17T17:16:28","date_gmt":"2024-03-17T17:16:28","guid":{"rendered":"https:\/\/luciana-pranabalance.com\/?page_id=199"},"modified":"2024-04-08T06:22:39","modified_gmt":"2024-04-08T06:22:39","slug":"yoga-schedule","status":"publish","type":"page","link":"https:\/\/luciana-pranabalance.com\/fr\/yoga-schedule\/","title":{"rendered":"Yoga Et Planning"},"content":{"rendered":"<h2 class=\"wp-block-heading has-text-align-left has-superbfont-large-font-size\">D\u00e9couvrez le pouvoir transformateur du yoga<\/h2>\n\n\n\n<p>\"Que vous soyez un yogi chevronn\u00e9 ou nouveau sur le tapis, Luciana offre un espace accueillant pour explorer les bienfaits du yoga en mati\u00e8re de flexibilit\u00e9, de mobilit\u00e9, de force, d'exploration du mouvement et de paix int\u00e9rieure. Venez circuler avec Luciana pour explorer tout votre potentiel, bien s\u00fbr avec quelques amusant:\"<\/p>\n\n\n\n<p><\/p>\n\n\n\n<figure class=\"wp-block-image size-large\"><img loading=\"lazy\" decoding=\"async\" width=\"2560\" height=\"1439\" src=\"https:\/\/luciana-pranabalance.com\/wp-content\/uploads\/2024\/03\/IMG_9282-2-edited-scaled.jpg\" alt=\"\" class=\"wp-image-204\" srcset=\"https:\/\/luciana-pranabalance.com\/wp-content\/uploads\/2024\/03\/IMG_9282-2-edited-scaled.jpg 2560w, https:\/\/luciana-pranabalance.com\/wp-content\/uploads\/2024\/03\/IMG_9282-2-edited-300x169.jpg 300w, https:\/\/luciana-pranabalance.com\/wp-content\/uploads\/2024\/03\/IMG_9282-2-edited-1024x576.jpg 1024w, https:\/\/luciana-pranabalance.com\/wp-content\/uploads\/2024\/03\/IMG_9282-2-edited-768x432.jpg 768w, https:\/\/luciana-pranabalance.com\/wp-content\/uploads\/2024\/03\/IMG_9282-2-edited-1536x864.jpg 1536w, https:\/\/luciana-pranabalance.com\/wp-content\/uploads\/2024\/03\/IMG_9282-2-edited-2048x1152.jpg 2048w\" sizes=\"(max-width: 2560px) 100vw, 2560px\" \/><\/figure>\n\n\n\n<p><\/p>\n\n\n\n<ul>\n<li>Des classes:<\/li>\n<\/ul>\n\n\n\n<p>Tous les jeudis \u2013 18h30 \u2013 75' \u2013 Vinyasa Inspired Flow &amp; Nidra<\/p>\n\n\n\n<p>34 Rue ramey, 75018, Casa Caelo ( Ramey Yoga)<\/p>\n\n\n\n<div class=\"wp-block-buttons is-content-justification-left is-layout-flex wp-container-core-buttons-layout-1 wp-block-buttons-is-layout-flex\">\n<div class=\"wp-block-button has-custom-font-size is-style-fill has-superbfont-small-font-size\"><a class=\"wp-block-button__link has-text-align-left wp-element-button\" href=\"https:\/\/www.momoyoga.com\/lucy-yoga\/teacher-profile\" style=\"padding-top:var(--wp--preset--spacing--superbspacing-xsmall);padding-right:var(--wp--preset--spacing--superbspacing-xsmall);padding-bottom:var(--wp--preset--spacing--superbspacing-xsmall);padding-left:var(--wp--preset--spacing--superbspacing-xsmall)\">R\u00c9SERVER UN COURS \u2192<\/a><\/div>\n<\/div>\n\n\n\n<p><\/p>\n\n\n\n<ul>\n<li>Autres cours \u2013<\/li>\n<\/ul>\n\n\n\n<p>Lundi \u2013 18h30 \u2013 75'- Flux lent profond \u2013 Lomey Yoga 75015 ;<\/p>\n\n\n\n<p>Mercredis \u2013 7h45 \u2013 Vinyasa \u2013 Munnshala 75018 ;<\/p>\n\n\n\n<p>Vendredis \u2013 Yoga et massage, Kah Studio 75010 ;<\/p>\n\n\n\n<p>Saturdays &#8211; 12h45 &#8211;\u00a0 Slow Vinyasa &#8211; Pomme Maison de Famille 75019;<\/p>\n\n\n\n<p>18h30 &#8211;\u00a0 Yin + Nidra &#8211; Munnshala 75018;<\/p>\n\n\n\n<p>12h30 &#8211; Yoga &amp; massage &#8211; Kah Studio &amp; Coffee 75010;<\/p>\n\n\n\n<p>Veuillez garder un \u0153il sur le planning de la semaine via le compte Instagram : @lucy.freebird.yog<\/p>\n\n\n\n<p><\/p>\n\n\n\n<p><strong>Disponible pour des cours priv\u00e9s personnalis\u00e9s:<\/strong><\/p>\n\n\n\n<p>&nbsp;Une personne;<\/p>\n\n\n\n<p>En couple ou entre amis et en petit groupe;<\/p>\n\n\n\n<p>Prices might vary from 70 euros p\/class, get in toouch;<\/p>\n\n\n\n<p><strong><em>Si vous souhaitez d\u00e9velopper et am\u00e9liorer votre respiration, votre pratique personnelle, travailler en profondeur la souplesse, la mobilit\u00e9, l'amplitude des mouvements, l'alignement, la posture, approfondir les connaissances philosophiques du Yoga, du Sanskrit, n'h\u00e9sitez pas \u00e0 programmer un cours particulier.<\/em><\/strong><\/p>\n\n\n\n<div class=\"wp-block-buttons is-content-justification-left is-layout-flex wp-container-core-buttons-layout-2 wp-block-buttons-is-layout-flex\">\n<div class=\"wp-block-button has-custom-font-size is-style-fill has-superbfont-small-font-size\"><a class=\"wp-block-button__link has-text-align-left wp-element-button\" href=\"https:\/\/luciana-pranabalance.com\/fr\/get-in-touch\/\" style=\"padding-top:var(--wp--preset--spacing--superbspacing-xsmall);padding-right:var(--wp--preset--spacing--superbspacing-xsmall);padding-bottom:var(--wp--preset--spacing--superbspacing-xsmall);padding-left:var(--wp--preset--spacing--superbspacing-xsmall)\">PLANIFIER un cours priv\u00e9 \u2192<\/a><\/div>\n<\/div>\n\n\n\n<p><\/p>\n\n\n\n<figure class=\"wp-block-image alignwide size-large\"><img loading=\"lazy\" decoding=\"async\" width=\"2560\" height=\"1441\" src=\"https:\/\/luciana-pranabalance.com\/wp-content\/uploads\/2024\/03\/IMG_9279-1-edited-scaled.jpg\" alt=\"\" class=\"wp-image-208\" srcset=\"https:\/\/luciana-pranabalance.com\/wp-content\/uploads\/2024\/03\/IMG_9279-1-edited-scaled.jpg 2560w, https:\/\/luciana-pranabalance.com\/wp-content\/uploads\/2024\/03\/IMG_9279-1-edited-300x169.jpg 300w, https:\/\/luciana-pranabalance.com\/wp-content\/uploads\/2024\/03\/IMG_9279-1-edited-1024x576.jpg 1024w, https:\/\/luciana-pranabalance.com\/wp-content\/uploads\/2024\/03\/IMG_9279-1-edited-768x432.jpg 768w, https:\/\/luciana-pranabalance.com\/wp-content\/uploads\/2024\/03\/IMG_9279-1-edited-1536x864.jpg 1536w, https:\/\/luciana-pranabalance.com\/wp-content\/uploads\/2024\/03\/IMG_9279-1-edited-2048x1152.jpg 2048w\" sizes=\"(max-width: 2560px) 100vw, 2560px\" \/><\/figure>\n\n\n\n<figure class=\"wp-block-image size-large\"><img loading=\"lazy\" decoding=\"async\" width=\"2560\" height=\"1440\" src=\"https:\/\/luciana-pranabalance.com\/wp-content\/uploads\/2024\/03\/IMG_9284-edited-scaled.jpg\" alt=\"\" class=\"wp-image-210\" srcset=\"https:\/\/luciana-pranabalance.com\/wp-content\/uploads\/2024\/03\/IMG_9284-edited-scaled.jpg 2560w, https:\/\/luciana-pranabalance.com\/wp-content\/uploads\/2024\/03\/IMG_9284-edited-300x169.jpg 300w, https:\/\/luciana-pranabalance.com\/wp-content\/uploads\/2024\/03\/IMG_9284-edited-1024x576.jpg 1024w, https:\/\/luciana-pranabalance.com\/wp-content\/uploads\/2024\/03\/IMG_9284-edited-768x432.jpg 768w, https:\/\/luciana-pranabalance.com\/wp-content\/uploads\/2024\/03\/IMG_9284-edited-1536x864.jpg 1536w, https:\/\/luciana-pranabalance.com\/wp-content\/uploads\/2024\/03\/IMG_9284-edited-2048x1152.jpg 2048w\" sizes=\"(max-width: 2560px) 100vw, 2560px\" \/><\/figure>\n\n\n\n<figure class=\"wp-block-image size-large\"><img loading=\"lazy\" decoding=\"async\" width=\"2560\" height=\"1439\" src=\"https:\/\/luciana-pranabalance.com\/wp-content\/uploads\/2024\/03\/IMG_9283-2-edited-scaled.jpg\" alt=\"\" class=\"wp-image-212\" srcset=\"https:\/\/luciana-pranabalance.com\/wp-content\/uploads\/2024\/03\/IMG_9283-2-edited-scaled.jpg 2560w, https:\/\/luciana-pranabalance.com\/wp-content\/uploads\/2024\/03\/IMG_9283-2-edited-300x169.jpg 300w, https:\/\/luciana-pranabalance.com\/wp-content\/uploads\/2024\/03\/IMG_9283-2-edited-1024x576.jpg 1024w, https:\/\/luciana-pranabalance.com\/wp-content\/uploads\/2024\/03\/IMG_9283-2-edited-768x432.jpg 768w, https:\/\/luciana-pranabalance.com\/wp-content\/uploads\/2024\/03\/IMG_9283-2-edited-1536x864.jpg 1536w, https:\/\/luciana-pranabalance.com\/wp-content\/uploads\/2024\/03\/IMG_9283-2-edited-2048x1151.jpg 2048w\" sizes=\"(max-width: 2560px) 100vw, 2560px\" \/><\/figure>","protected":false},"excerpt":{"rendered":"<p>Discover the Transformative Power of Yoga &#8220;Whether you&#8217;re a seasoned yogi or new to the mat, Luciana offers a welcoming space to explore yoga&#8217;s benefits for flexibility, mobility,&nbsp; strength, movement exploration and inner peace. Come flow with Luciana to explore your full potential, of course with some fun:&#8221; Every thursday &#8211; 18h30 &#8211; 75\u2019 &#8211; [&hellip;]<\/p>","protected":false},"author":1,"featured_media":0,"parent":0,"menu_order":0,"comment_status":"closed","ping_status":"closed","template":"","meta":{"footnotes":""},"_links":{"self":[{"href":"https:\/\/luciana-pranabalance.com\/fr\/wp-json\/wp\/v2\/pages\/199"}],"collection":[{"href":"https:\/\/luciana-pranabalance.com\/fr\/wp-json\/wp\/v2\/pages"}],"about":[{"href":"https:\/\/luciana-pranabalance.com\/fr\/wp-json\/wp\/v2\/types\/page"}],"author":[{"embeddable":true,"href":"https:\/\/luciana-pranabalance.com\/fr\/wp-json\/wp\/v2\/users\/1"}],"replies":[{"embeddable":true,"href":"https:\/\/luciana-pranabalance.com\/fr\/wp-json\/wp\/v2\/comments?post=199"}],"version-history":[{"count":9,"href":"https:\/\/luciana-pranabalance.com\/fr\/wp-json\/wp\/v2\/pages\/199\/revisions"}],"predecessor-version":[{"id":439,"href":"https:\/\/luciana-pranabalance.com\/fr\/wp-json\/wp\/v2\/pages\/199\/revisions\/439"}],"wp:attachment":[{"href":"https:\/\/luciana-pranabalance.com\/fr\/wp-json\/wp\/v2\/media?parent=199"}],"curies":[{"name":"wp","href":"https:\/\/api.w.org\/{rel}","templated":true}]}}