{"id":374,"date":"2024-03-30T18:35:27","date_gmt":"2024-03-30T18:35:27","guid":{"rendered":"https:\/\/luciana-pranabalance.com\/?page_id=374"},"modified":"2024-05-13T08:33:15","modified_gmt":"2024-05-13T08:33:15","slug":"events","status":"publish","type":"page","link":"https:\/\/luciana-pranabalance.com\/fr\/events\/","title":{"rendered":"\u00c9v\u00e9nements"},"content":{"rendered":"<h2 class=\"wp-block-heading has-text-align-left has-superbfont-large-font-size\">Ateliers et Retraites<\/h2>\n\n\n\n<p><\/p>\n\n\n\n<h3 class=\"wp-block-heading has-text-align-left has-superbfont-small-font-size\">ATELIER YOGA ET MASSAGE AUX HUILES ESSENTIELLES AVEC LUCIANA SANTOS\nDIMANCHE 23 JUIN 2024 DE 14H \u00c0 16H30<\/h3>\n\n\n\n<p>Offrez-vous une parenth\u00e8se de d\u00e9tente et de bien-\u00eatre. Cet atelier unique allie harmonieusement douceur et dynamisme ; des techniques d'\u00e9tirements en massages assist\u00e9s aux huiles essentielles. <\/p>\n\n\n\n<p>Dans le programme: <\/p>\n\n\n\n<p><strong>Yoga flow et \u00e9tirements :<\/strong> Nous d\u00e9buterons par un flow qui m\u00e9langea force et souplesse, suivis par des \u00e9tirements en massages passifs pour assouplir votre corps en douceur et d\u00e9tendre vos muscles. <\/p>\n\n\n\n<p><strong>Massage sensoriel aux huiles essentielles : <\/strong>Vous vous lasserez transporter par les mains de Luciana, enrichies d'huiles essentielles choisies pour leurs vertus relaxantes et revitalisantes.\nL'utilisation d'huiles essentielles soigneusement s\u00e9lectionn\u00e9es \u00e9veillera vos sens et participera activement \u00e0 votre relaxation. Les senteurs apaisantes de certaines huiles contribueront \u00e0 cr\u00e9er une atmosph\u00e8re propice au l\u00e2cher-prise. <\/p>\n\n\n\n<p>Cet atelier est id\u00e9al pour les personnes de tous niveaux de yoga, d\u00e9butants bienvenus! Celles et ceux qui recherchent une relaxation intense et un moment de cocooning Quiconque souhaitent d\u00e9couvrir les bienfaits des huiles essentielles associ\u00e9es aux pratiques corporelles. Ne manquez pas cette occasion de vous reconnecter \u00e0 votre corps et \u00e0 vos sens! <\/p>\n\n\n\n<p>Tarifs : 45 \u20ac<\/p>\n\n\n\n<div class=\"wp-block-buttons is-layout-flex wp-block-buttons-is-layout-flex\">\n<div class=\"wp-block-button\"><a class=\"wp-block-button__link wp-element-button\" href=\"https:\/\/munnshalayoga.com\/en\/actualites\">reservation<\/a><\/div>\n<\/div>\n\n\n\n<p><\/p>\n\n\n\n<figure class=\"wp-block-image size-large is-resized\"><img loading=\"lazy\" decoding=\"async\" width=\"1024\" height=\"1366\" src=\"https:\/\/luciana-pranabalance.com\/wp-content\/uploads\/2024\/05\/IMG_9270-edited.jpg\" alt=\"\" class=\"wp-image-484\" style=\"width:484px;height:auto\" srcset=\"https:\/\/luciana-pranabalance.com\/wp-content\/uploads\/2024\/05\/IMG_9270-edited.jpg 1024w, https:\/\/luciana-pranabalance.com\/wp-content\/uploads\/2024\/05\/IMG_9270-edited-225x300.jpg 225w, https:\/\/luciana-pranabalance.com\/wp-content\/uploads\/2024\/05\/IMG_9270-edited-768x1025.jpg 768w, https:\/\/luciana-pranabalance.com\/wp-content\/uploads\/2024\/05\/IMG_9270-edited-9x12.jpg 9w\" sizes=\"(max-width: 1024px) 100vw, 1024px\" \/><\/figure>","protected":false},"excerpt":{"rendered":"<p>Workshops and Retreats YOGA WORKSHOP AND ESSENTIAL OILS MASSAGE WITH LUCIANA SANTOS SUNDAY JUNE 23, 2024 FROM 2.15 P.M. TO 4:30 P.M. Treat yourself to a moment of relaxation and well-being. This unique workshop harmoniously combines softness and dynamism; stretching techniques in massages are assisted with essential oils. In the program: Yoga flow and elements [&hellip;]<\/p>","protected":false},"author":1,"featured_media":0,"parent":0,"menu_order":0,"comment_status":"closed","ping_status":"closed","template":"","meta":{"footnotes":""},"_links":{"self":[{"href":"https:\/\/luciana-pranabalance.com\/fr\/wp-json\/wp\/v2\/pages\/374"}],"collection":[{"href":"https:\/\/luciana-pranabalance.com\/fr\/wp-json\/wp\/v2\/pages"}],"about":[{"href":"https:\/\/luciana-pranabalance.com\/fr\/wp-json\/wp\/v2\/types\/page"}],"author":[{"embeddable":true,"href":"https:\/\/luciana-pranabalance.com\/fr\/wp-json\/wp\/v2\/users\/1"}],"replies":[{"embeddable":true,"href":"https:\/\/luciana-pranabalance.com\/fr\/wp-json\/wp\/v2\/comments?post=374"}],"version-history":[{"count":10,"href":"https:\/\/luciana-pranabalance.com\/fr\/wp-json\/wp\/v2\/pages\/374\/revisions"}],"predecessor-version":[{"id":485,"href":"https:\/\/luciana-pranabalance.com\/fr\/wp-json\/wp\/v2\/pages\/374\/revisions\/485"}],"wp:attachment":[{"href":"https:\/\/luciana-pranabalance.com\/fr\/wp-json\/wp\/v2\/media?parent=374"}],"curies":[{"name":"wp","href":"https:\/\/api.w.org\/{rel}","templated":true}]}}