{"id":98,"date":"2024-03-15T16:42:57","date_gmt":"2024-03-15T16:42:57","guid":{"rendered":"https:\/\/luciana-pranabalance.com\/?page_id=98"},"modified":"2024-04-21T12:06:45","modified_gmt":"2024-04-21T12:06:45","slug":"98-2","status":"publish","type":"page","link":"https:\/\/luciana-pranabalance.com\/fr\/98-2\/","title":{"rendered":"Yoga"},"content":{"rendered":"<h2 class=\"wp-block-heading has-text-align-left has-superbfont-large-font-size\"><strong>Le yoga est un processus m\u00e9ditatif de d\u00e9couverte de soi et de lib\u00e9ration.<\/strong><\/h2>\n\n\n\n<p>Cela nous apprend \u00e0 nous voir clairement, \u00e0 comprendre ce qui est vrai sur qui nous sommes et \u00e0 abandonner tout ce qui ne nous sert pas.<\/p>\n\n\n\n<p><\/p>\n\n\n\n<p><\/p>\n\n\n\n<div class=\"wp-block-group alignfull has-mono-4-background-color has-background has-global-padding is-layout-constrained wp-container-core-group-layout-1 wp-block-group-is-layout-constrained\" style=\"margin-top:0;margin-bottom:0;padding-top:0;padding-right:0;padding-bottom:0;padding-left:0\">\n<figure class=\"wp-block-image alignfull size-large has-custom-border\"><img loading=\"lazy\" decoding=\"async\" width=\"1024\" height=\"576\" src=\"https:\/\/luciana-pranabalance.com\/wp-content\/uploads\/2024\/03\/IMG_9274-edited.jpg\" alt=\"\" class=\"wp-image-100\" style=\"border-radius:0px\" srcset=\"https:\/\/luciana-pranabalance.com\/wp-content\/uploads\/2024\/03\/IMG_9274-edited.jpg 1024w, https:\/\/luciana-pranabalance.com\/wp-content\/uploads\/2024\/03\/IMG_9274-edited-300x169.jpg 300w, https:\/\/luciana-pranabalance.com\/wp-content\/uploads\/2024\/03\/IMG_9274-edited-768x432.jpg 768w\" sizes=\"(max-width: 1024px) 100vw, 1024px\" \/><\/figure>\n<\/div>\n\n\n\n<p class=\"has-text-align-center has-very-light-gray-background-color has-background\"><strong>Hatha Yoga<\/strong><\/p>\n\n\n\n<p>Fondement de nombreux styles de yoga, le Hatha se concentre sur des poses contr\u00f4l\u00e9es, des respirations (et des mouvements doux). Id\u00e9al pour les d\u00e9butants et ceux qui recherchent une pratique r\u00e9duisant le stress.<\/p>\n\n\n\n<p class=\"has-text-align-center has-very-light-gray-background-color has-background\"><strong>Vinyasa Yoga<\/strong><\/p>\n\n\n\n<p>Style dynamique liant le mouvement \u00e0 la respiration, le Vinyasa d\u00e9veloppe la force, la mobilit\u00e9 et favorise un \u00e9tat de flux m\u00e9ditatif.<\/p>\n\n\n\n<p class=\"has-text-align-center has-very-light-gray-background-color has-background\"><strong>Yin Yoga<\/strong><\/p>\n\n\n\n<p>Profond\u00e9ment r\u00e9parateur, le Yin Yoga utilise des poses prolong\u00e9es pour rel\u00e2cher les tensions dans les tissus conjonctifs, am\u00e9liorer la flexibilit\u00e9, soulager les maux de dos et cultiver l'immobilit\u00e9.<\/p>\n\n\n\n<p class=\"has-text-align-center has-very-light-gray-background-color has-background\"><strong>Yang Yin<\/strong>&nbsp;<\/p>\n\n\n\n<p>Une combinaison d'un flux fort avec des asanas profond\u00e9ment r\u00e9parateurs dans la seconde moiti\u00e9 de la pratique pour \u00e9quilibrer les \u00e9nergies.<\/p>\n\n\n\n<p class=\"has-text-align-center has-very-light-gray-background-color has-background\"><strong>Yoga Nidra<\/strong><\/p>\n\n\n\n<p>Une ancienne technique de relaxation d\u00e9crite sous le nom de \u00ab sommeil yogique \u00bb qui induit un \u00e9tat de relaxation physique, mentale et \u00e9motionnelle profonde.<\/p>\n\n\n\n<p>Imaginez-vous sombrer dans un nuage douillet, les soucis fondant comme des flocons de neige. C'est du yoga nidra ! Il s'agit d'une m\u00e9ditation guid\u00e9e dans laquelle vous vous allongez confortablement, \u00e9coutez des instructions apaisantes et d\u00e9rivez vers un \u00e9tat de relaxation compl\u00e8te. C'est comme appuyer sur le bouton pause dans votre esprit, tout en restant totalement \u00e9veill\u00e9 et conscient.<\/p>\n\n\n\n<p class=\"has-text-align-center has-very-light-gray-background-color has-background\"><strong>Yoga pr\u00e9natal : nourrir le corps et l'esprit tout au long de la grossesse<\/strong><\/p>\n\n\n\n<p>D\u00e9couvrez les bienfaits uniques de la pratique du yoga sp\u00e9cialement con\u00e7ue pour les futures mamans. Le yoga pr\u00e9natal offre un espace de soutien pour:<\/p>\n\n\n\n<p><strong>Nourrissez votre corps:<\/strong> des postures et des \u00e9tirements doux augmentent la flexibilit\u00e9, am\u00e9liorent la circulation et soulagent les inconforts courants de la grossesse comme les maux de dos et la sciatique.<\/p>\n\n\n\n<p><strong>Donnez du pouvoir \u00e0 votre esprit:<\/strong> les techniques de respiration et de mouvement conscient cultivent la relaxation, r\u00e9duisent le stress et favorisent le bien-\u00eatre \u00e9motionnel tout au long de la grossesse.<\/p>\n\n\n\n<p><strong>Pr\u00e9parez-vous \u00e0 l'accouchement:<\/strong> des exercices sp\u00e9cifiques renforcent le plancher pelvien et les muscles centraux, contribuant ainsi \u00e0 un accouchement plus fluide et plus g\u00e9rable.<\/p>\n\n\n\n<p>Il convient \u00e0 tous les trimestres, quelle que soit votre exp\u00e9rience pr\u00e9alable du yoga. Des modifications et des options sont propos\u00e9es pour r\u00e9pondre aux besoins individuels et aux stades de la grossesse.<\/p>\n\n\n\n<p><strong>\u00c0 quoi s'attendre: <\/strong>Ouverture et centrage : mouvements doux et respiration pour se connecter avec votre corps et votre b\u00e9b\u00e9.<\/p>\n\n\n\n<p class=\"has-text-align-center has-very-light-gray-background-color has-background\"><strong><u>Le pouvoir de la respiration : Respiration - Pranayama<\/u><\/strong><strong><\/strong><\/p>\n\n\n\n<p>Pranayama se traduit par \u00ab force vitale \u00bb (prana) et \u00ab contr\u00f4le \u00bb (ayama), signifiant le contr\u00f4le conscient de la respiration pour am\u00e9liorer votre bien-\u00eatre physique, mental et \u00e9motionnel.<\/p>\n\n\n\n<p>Ce cours vous guidera dans:<\/p>\n\n\n\n<p><strong><u>Comprendre les principes fondamentaux du Pranayama<\/u><\/strong> et son r\u00f4le dans la tradition yogique.<\/p>\n\n\n\n<p><strong><u>Apprendre une vari\u00e9t\u00e9 de techniques de Pranayama adapt\u00e9es<\/u><\/strong> \u00e0 diff\u00e9rents besoins et objectifs.<\/p>\n\n\n\n<p><\/p>\n\n\n\n<figure class=\"wp-block-image size-large\"><img loading=\"lazy\" decoding=\"async\" width=\"2560\" height=\"1439\" src=\"https:\/\/luciana-pranabalance.com\/wp-content\/uploads\/2024\/03\/IMG_9283-3-edited-scaled.jpg\" alt=\"\" class=\"wp-image-323\" srcset=\"https:\/\/luciana-pranabalance.com\/wp-content\/uploads\/2024\/03\/IMG_9283-3-edited-scaled.jpg 2560w, https:\/\/luciana-pranabalance.com\/wp-content\/uploads\/2024\/03\/IMG_9283-3-edited-300x169.jpg 300w, https:\/\/luciana-pranabalance.com\/wp-content\/uploads\/2024\/03\/IMG_9283-3-edited-1024x576.jpg 1024w, https:\/\/luciana-pranabalance.com\/wp-content\/uploads\/2024\/03\/IMG_9283-3-edited-768x432.jpg 768w, https:\/\/luciana-pranabalance.com\/wp-content\/uploads\/2024\/03\/IMG_9283-3-edited-1536x864.jpg 1536w, https:\/\/luciana-pranabalance.com\/wp-content\/uploads\/2024\/03\/IMG_9283-3-edited-2048x1151.jpg 2048w\" sizes=\"(max-width: 2560px) 100vw, 2560px\" \/><\/figure>\n\n\n\n<p><\/p>\n\n\n\n<h2 class=\"wp-block-heading has-text-align-left has-superbfont-xlarge-font-size\">Yoga Et Planning<\/h2>\n\n\n\n<h2 class=\"wp-block-heading has-text-align-left has-superbfont-large-font-size\">D\u00e9couvrez le pouvoir transformateur du yoga<\/h2>\n\n\n\n<p>\"Que vous soyez un yogi chevronn\u00e9 ou nouveau sur le tapis, Luciana offre un espace accueillant pour explorer les bienfaits du yoga en mati\u00e8re de flexibilit\u00e9, de mobilit\u00e9, de force, d'exploration du mouvement et de paix int\u00e9rieure. Venez circuler avec Luciana pour explorer tout votre potentiel, bien s\u00fbr avec quelques amusant:\"<\/p>\n\n\n\n<ul>\n<li>Des classes:<\/li>\n<\/ul>\n\n\n\n<p>Tous les jeudis \u2013 18h30 \u2013 75' \u2013 Vinyasa Inspired Flow &amp; Nidra<\/p>\n\n\n\n<p>34 Rue ramey, 75018, Casa Caelo ( Ramey Yoga)<\/p>\n\n\n\n<div class=\"wp-block-buttons is-content-justification-left is-layout-flex wp-container-core-buttons-layout-1 wp-block-buttons-is-layout-flex\">\n<div class=\"wp-block-button has-custom-font-size is-style-fill has-superbfont-small-font-size\"><a class=\"wp-block-button__link has-text-align-left wp-element-button\" href=\"https:\/\/www.momoyoga.com\/lucy-yoga\/teacher-profile\" style=\"padding-top:var(--wp--preset--spacing--superbspacing-xsmall);padding-right:var(--wp--preset--spacing--superbspacing-xsmall);padding-bottom:var(--wp--preset--spacing--superbspacing-xsmall);padding-left:var(--wp--preset--spacing--superbspacing-xsmall)\">R\u00c9SERVER UN COURS \u2192<\/a><\/div>\n<\/div>\n\n\n\n<p><\/p>\n\n\n\n<ul>\n<li>Autres cours \u2013<\/li>\n<\/ul>\n\n\n\n<p>Lundi \u2013 18h30 \u2013 75'- Flux lent profond \u2013 Lomey Yoga 75015 ;<\/p>\n\n\n\n<p>Mercredis \u2013 7h45 \u2013 Vinyasa \u2013 Munnshala 75018 ;<\/p>\n\n\n\n<p>Vendredis \u2013 Yoga et massage, Kah Studio 75010 ;<\/p>\n\n\n\n<p>Samedi \u2013 12h45 \u2013 Slow Vinyasa \u2013 Pomme Maison de Famille 75019 ;<\/p>\n\n\n\n<p>18h30 \u2013 Yin + Nidra \u2013 Munnshala 75018 ;<\/p>\n\n\n\n<p>Dimanche \u2013 12h30 \u2013 Yoga &amp; massage \u2013 Kah Studio &amp; Coffee 75010 ;<\/p>\n\n\n\n<p>Veuillez garder un \u0153il sur le planning de la semaine via le compte Instagram : @lucy.freebird.yog<\/p>\n\n\n\n<p><\/p>\n\n\n\n<p><strong>Disponible pour des cours priv\u00e9s personnalis\u00e9s:<\/strong><\/p>\n\n\n\n<p>&nbsp;Une personne;<\/p>\n\n\n\n<p>En couple ou entre amis et en petit groupe;<\/p>\n\n\n\n<p>Les prix peuvent varier de 70 a 120 euros par cours, contactez-nous;<\/p>\n\n\n\n<p><strong><em>Si vous souhaitez d\u00e9velopper et am\u00e9liorer votre respiration, votre pratique personnelle, travailler en profondeur la souplesse, la mobilit\u00e9, l'amplitude des mouvements, l'alignement, la posture, approfondir les connaissances philosophiques du Yoga, du Sanskrit, n'h\u00e9sitez pas \u00e0 programmer un cours particulier.<\/em><\/strong><\/p>\n\n\n\n<div class=\"wp-block-buttons is-content-justification-left is-layout-flex wp-container-core-buttons-layout-2 wp-block-buttons-is-layout-flex\">\n<div class=\"wp-block-button has-custom-font-size is-style-fill has-superbfont-small-font-size\"><a class=\"wp-block-button__link has-text-align-left wp-element-button\" href=\"https:\/\/luciana-pranabalance.com\/fr\/get-in-touch\/\" style=\"padding-top:var(--wp--preset--spacing--superbspacing-xsmall);padding-right:var(--wp--preset--spacing--superbspacing-xsmall);padding-bottom:var(--wp--preset--spacing--superbspacing-xsmall);padding-left:var(--wp--preset--spacing--superbspacing-xsmall)\">PLANIFIER un cours priv\u00e9 \u2192<\/a><\/div>\n<\/div>","protected":false},"excerpt":{"rendered":"<p>Yoga is a meditative process of self-discovery and liberation. It teaches us to see ourselves clearly, to understand what is true about who we are, and to let go of anything that does not serve us. Hatha Yoga The foundation of many yoga styles, Hatha focuses on controlled poses, breathwork (&nbsp; , and gentle movement. [&hellip;]<\/p>","protected":false},"author":1,"featured_media":0,"parent":0,"menu_order":0,"comment_status":"closed","ping_status":"closed","template":"","meta":{"footnotes":""},"_links":{"self":[{"href":"https:\/\/luciana-pranabalance.com\/fr\/wp-json\/wp\/v2\/pages\/98"}],"collection":[{"href":"https:\/\/luciana-pranabalance.com\/fr\/wp-json\/wp\/v2\/pages"}],"about":[{"href":"https:\/\/luciana-pranabalance.com\/fr\/wp-json\/wp\/v2\/types\/page"}],"author":[{"embeddable":true,"href":"https:\/\/luciana-pranabalance.com\/fr\/wp-json\/wp\/v2\/users\/1"}],"replies":[{"embeddable":true,"href":"https:\/\/luciana-pranabalance.com\/fr\/wp-json\/wp\/v2\/comments?post=98"}],"version-history":[{"count":33,"href":"https:\/\/luciana-pranabalance.com\/fr\/wp-json\/wp\/v2\/pages\/98\/revisions"}],"predecessor-version":[{"id":466,"href":"https:\/\/luciana-pranabalance.com\/fr\/wp-json\/wp\/v2\/pages\/98\/revisions\/466"}],"wp:attachment":[{"href":"https:\/\/luciana-pranabalance.com\/fr\/wp-json\/wp\/v2\/media?parent=98"}],"curies":[{"name":"wp","href":"https:\/\/api.w.org\/{rel}","templated":true}]}}